{"id":5808,"date":"2024-01-05T17:43:17","date_gmt":"2024-01-05T15:43:17","guid":{"rendered":"https:\/\/www.maremark.ee\/epood\/?post_type=product&#038;p=5808"},"modified":"2024-01-05T17:54:02","modified_gmt":"2024-01-05T15:54:02","slug":"aqualung-legend-elite-i-ja-ii-aste","status":"publish","type":"product","link":"https:\/\/www.maremark.ee\/epood\/toode\/aqualung-legend-elite-i-ja-ii-aste\/","title":{"rendered":"Aqualung Legend Elite I ja II aste"},"content":{"rendered":"<h4>Esimene aste<\/h4>\n<ul>\n<li>Kui esimene aste ei ole \u00c3\u00bchendatud silindri ventiiliga, hoiab automaatse sulgemise seade (ACD) sisselaskeava suletuna, et kaitsta esimese etapi sisemisi osi saastumise ja s\u00c3\u00b6\u00c3\u00b6vitava vee eest\n<ul>\n<li>S\u00c3\u00a4ilitab sisemise m\u00c3\u00a4\u00c3\u00a4rimise<\/li>\n<li>Hoiab sisselaskefiltri puhta ja kuivana<\/li>\n<\/ul>\n<\/li>\n<li>S\u00c3\u00bcgavad ribid loovad suure soojusvahetuspinna, mis aitab v\u00c3\u00a4ltida j\u00c3\u00a4\u00c3\u00a4 teket mehhanismile (+30% vs Glacia \/ +70% vs Legend 2)<\/li>\n<li>Uus vormitud kate aeglustab j\u00c3\u00a4\u00c3\u00a4 moodustumist v\u00c3\u00a4lise diafragma kohale<\/li>\n<li>Automaatne tasakaalustatud (tuntud ka kui \u00c3\u00bcletasakaalustatud)<\/li>\n<li>T\u00c3\u00b6\u00c3\u00b6r\u00c3\u00b5hu j\u00c3\u00a4rkj\u00c3\u00a4rguline suurendamine optimaalsete hingamispingutuste s\u00c3\u00a4ilitamiseks: s\u00c3\u00b5ltuvalt sukelduja s\u00c3\u00bcgavusest t\u00c3\u00b5stetakse esimese astme t\u00c3\u00b6\u00c3\u00b6r\u00c3\u00b5hk automaatselt, et neutraliseerida suurenenud hingamis\u00c3\u00b5hu tihedust<\/li>\n<li>Kahest materjalist &#8220;Soft Grip&#8221; pinnast valmistatud ergonoomilise kujuga DIN- ja YOKE-kruvid tagavad parema haarde esimese astme paigaldamisel v\u00c3\u00b5i eemaldamisel \u00e2\u20ac\u201c eriti k\u00c3\u00bclmade k\u00c3\u00a4tega<\/li>\n<li>Spetsiaalne ACD tolmukork, mis on kinnitatud regulaatori korpuse k\u00c3\u00bclge, et kaitsta sisselaskeava ja ACD s\u00c3\u00bcsteemi l\u00c3\u00b6\u00c3\u00b6kide v\u00c3\u00b5i kahjustuste eest<\/li>\n<li>T\u00c3\u00a4iuslikult paigutatud HP ja LP pordid tagavad optimaalse vooliku marsruudi<\/li>\n<\/ul>\n<h4>Teine aste<\/h4>\n<ul>\n<li>Uued esikaane avamiskanalid v\u00c3\u00b5imaldavad vett k\u00c3\u00bclgsuunas \u00c3\u00bcle diafragma voolata\n<ul>\n<li>Radiaalsed avad, mis takistavad vabavoolusid tugevamates vooludes sukeldumisel<\/li>\n<li>Avad laienesid, et v\u00c3\u00a4hendada sissehingamise tippvoolu muljetavaldava 20% v\u00c3\u00b5rra<\/li>\n<\/ul>\n<\/li>\n<li>Uus, pehme puudutusega elastomeerist valatud v\u00c3\u00a4ljalaskekate<\/li>\n<li>\u00c3\u0153levormitud \u00c3\u00b5hupuhastus\n<ul>\n<li>Lai pind muudab regulaatori puhastamise lihtsamaks.<\/li>\n<li>Puhastuss\u00c3\u00bcgavuse regulaator optimeerib \u00c3\u00b5huvoolu minimaalse pingutusega<\/li>\n<\/ul>\n<\/li>\n<li>Patenteeritud Comfobite huulik v\u00c3\u00a4hendab l\u00c3\u00b5ualuu v\u00c3\u00a4simist ja kinnitab teise astme mugavamalt<\/li>\n<li>Eemaldatav ja korduvkasutatav huulikuklamber v\u00c3\u00b5imaldab kiiret ja lihtsat t\u00c3\u00b6\u00c3\u00b6riistavaba huuliku vahetust ilma plastij\u00c3\u00a4\u00c3\u00a4tmeteta.<\/li>\n<li>Suurendatud soojusvaheti aitab v\u00c3\u00a4ltida teise astme mehhanismi k\u00c3\u00bclmumist<\/li>\n<li>\u00c3\u2022hukanali deflektor\n<ul>\n<li>Suunab \u00c3\u00b5huvoolu \u00c3\u00bchtlaselt sissehingamise faasis<\/li>\n<li>Voolujooneline kahest materjalist deflektor v\u00c3\u00a4hendab v\u00c3\u00a4ljahingamiskoormust<\/li>\n<\/ul>\n<\/li>\n<li>Paindlik ja kerge Aqua Flex voolik kahe kaitsega<\/li>\n<\/ul>\n<p>&nbsp;<\/p>\n","protected":false},"excerpt":{"rendered":"<p>LEGEND ELITE pakub sukeldujatele enneolematuid v\u00c3\u00b5imalusi, pakkudes t\u00c3\u00a4iuslikku t\u00c3\u00a4psust ja t\u00c3\u00a4iustatud ergonoomikat teie k\u00c3\u00a4eulatuses. Edasij\u00c3\u00b5udnud sukeldujad hindavad s\u00c3\u00b5ltumatuid mikroregulatsioone, et t\u00c3\u00a4psustada oma individuaalseid hingamiseelistusi.<\/p>\n","protected":false},"featured_media":5813,"comment_status":"closed","ping_status":"closed","template":"","meta":{"_monsterinsights_skip_tracking":false,"_monsterinsights_sitenote_active":false,"_monsterinsights_sitenote_note":"","_monsterinsights_sitenote_category":0,"_uf_show_specific_survey":0,"_uf_disable_surveys":false},"product_brand":[],"product_cat":[106,105],"product_tag":[],"class_list":{"0":"post-5808","1":"product","2":"type-product","3":"status-publish","4":"has-post-thumbnail","6":"product_cat-aqualung","7":"product_cat-regulaatorid","9":"first","10":"instock","11":"taxable","12":"shipping-taxable","13":"purchasable","14":"product-type-variable"},"yoast_head":"<!-- This site is optimized with the Yoast SEO plugin v24.3 - https:\/\/yoast.com\/wordpress\/plugins\/seo\/ -->\n<title>Aqualung Legend Elite I ja II aste - Sukeldumiskeskus Maremark<\/title>\n<meta name=\"robots\" content=\"index, follow, max-snippet:-1, max-image-preview:large, max-video-preview:-1\" \/>\n<link rel=\"canonical\" href=\"https:\/\/www.maremark.ee\/epood\/toode\/aqualung-legend-elite-i-ja-ii-aste\/\" \/>\n<meta property=\"og:locale\" content=\"et_EE\" \/>\n<meta property=\"og:type\" content=\"article\" \/>\n<meta property=\"og:title\" content=\"Aqualung Legend Elite I ja II aste - Sukeldumiskeskus Maremark\" \/>\n<meta property=\"og:description\" content=\"LEGEND ELITE pakub sukeldujatele enneolematuid v\u00c3\u00b5imalusi, pakkudes t\u00c3\u00a4iuslikku t\u00c3\u00a4psust ja t\u00c3\u00a4iustatud ergonoomikat teie k\u00c3\u00a4eulatuses. Edasij\u00c3\u00b5udnud sukeldujad hindavad s\u00c3\u00b5ltumatuid mikroregulatsioone, et t\u00c3\u00a4psustada oma individuaalseid hingamiseelistusi.\" \/>\n<meta property=\"og:url\" content=\"https:\/\/www.maremark.ee\/epood\/toode\/aqualung-legend-elite-i-ja-ii-aste\/\" \/>\n<meta property=\"og:site_name\" content=\"Sukeldumiskeskus Maremark\" \/>\n<meta property=\"article:modified_time\" content=\"2024-01-05T15:54:02+00:00\" \/>\n<meta property=\"og:image\" content=\"https:\/\/www.maremark.ee\/epood\/wp-content\/uploads\/2024\/01\/Legend-Elite-DIN.png\" \/>\n\t<meta property=\"og:image:width\" content=\"465\" \/>\n\t<meta property=\"og:image:height\" content=\"465\" \/>\n\t<meta property=\"og:image:type\" content=\"image\/png\" \/>\n<meta name=\"twitter:card\" content=\"summary_large_image\" \/>\n<meta name=\"twitter:label1\" content=\"Est. reading time\" \/>\n\t<meta name=\"twitter:data1\" content=\"2 minutit\" \/>\n<script type=\"application\/ld+json\" class=\"yoast-schema-graph\">{\"@context\":\"https:\/\/schema.org\",\"@graph\":[{\"@type\":\"WebPage\",\"@id\":\"https:\/\/www.maremark.ee\/epood\/toode\/aqualung-legend-elite-i-ja-ii-aste\/\",\"url\":\"https:\/\/www.maremark.ee\/epood\/toode\/aqualung-legend-elite-i-ja-ii-aste\/\",\"name\":\"Aqualung Legend Elite I ja II aste - Sukeldumiskeskus Maremark\",\"isPartOf\":{\"@id\":\"https:\/\/www.maremark.ee\/epood\/#website\"},\"primaryImageOfPage\":{\"@id\":\"https:\/\/www.maremark.ee\/epood\/toode\/aqualung-legend-elite-i-ja-ii-aste\/#primaryimage\"},\"image\":{\"@id\":\"https:\/\/www.maremark.ee\/epood\/toode\/aqualung-legend-elite-i-ja-ii-aste\/#primaryimage\"},\"thumbnailUrl\":\"https:\/\/www.maremark.ee\/epood\/wp-content\/uploads\/2024\/01\/Legend-Elite-DIN.png\",\"datePublished\":\"2024-01-05T15:43:17+00:00\",\"dateModified\":\"2024-01-05T15:54:02+00:00\",\"breadcrumb\":{\"@id\":\"https:\/\/www.maremark.ee\/epood\/toode\/aqualung-legend-elite-i-ja-ii-aste\/#breadcrumb\"},\"inLanguage\":\"et\",\"potentialAction\":[{\"@type\":\"ReadAction\",\"target\":[\"https:\/\/www.maremark.ee\/epood\/toode\/aqualung-legend-elite-i-ja-ii-aste\/\"]}]},{\"@type\":\"ImageObject\",\"inLanguage\":\"et\",\"@id\":\"https:\/\/www.maremark.ee\/epood\/toode\/aqualung-legend-elite-i-ja-ii-aste\/#primaryimage\",\"url\":\"https:\/\/www.maremark.ee\/epood\/wp-content\/uploads\/2024\/01\/Legend-Elite-DIN.png\",\"contentUrl\":\"https:\/\/www.maremark.ee\/epood\/wp-content\/uploads\/2024\/01\/Legend-Elite-DIN.png\",\"width\":465,\"height\":465},{\"@type\":\"BreadcrumbList\",\"@id\":\"https:\/\/www.maremark.ee\/epood\/toode\/aqualung-legend-elite-i-ja-ii-aste\/#breadcrumb\",\"itemListElement\":[{\"@type\":\"ListItem\",\"position\":1,\"name\":\"Home\",\"item\":\"https:\/\/www.maremark.ee\/epood\/\"},{\"@type\":\"ListItem\",\"position\":2,\"name\":\"Pood\",\"item\":\"https:\/\/www.maremark.ee\/epood\/\"},{\"@type\":\"ListItem\",\"position\":3,\"name\":\"Aqualung Legend Elite I ja II aste\"}]},{\"@type\":\"WebSite\",\"@id\":\"https:\/\/www.maremark.ee\/epood\/#website\",\"url\":\"https:\/\/www.maremark.ee\/epood\/\",\"name\":\"Sukeldumiskeskus Maremark\",\"description\":\"Kui Sa oled j\u00c3\u00b5udnud meie klubi lehele siis oled ilmselt avastanud endas huvi  imelise veealuse maailma vastu.  Sa oled \u00c3\u00b5iges kohas!\\t Maremark  Sukeldumisklubi on tegutsenud aastast 1999. Pika tegutsemisaja jooksul on meie instruktorid \u00c3\u00b5petanud sukeldumist v\u00c3\u00a4ga paljudele, paljudest nendest on n\u00c3\u00bc\u00c3\u00bcdseks saanud meie instruktorite abilised DM-id ja instruktorid. Meie instruktorid pakuvad  NDL, Padi,  IANTD  ja TDI organisatsioonide koolitusi alates alg\u00c3\u00b5ppest kuni profisukeldujani.   Sukeldumisklubi Maremark on keskendunud sukeldumiskursuste, -reiside ja -varustuse m\u00c3\u00bc\u00c3\u00bcgile. Meie  kauplused asuvad Tallinnas kui Tartus, kust saad endale vajaliku varustuse v\u00c3\u00a4lja valida ja katsetada, kas valik oli ikka \u00c3\u00b5ige. Lisaks aitavad Sind valiku tegemisel meie instruktorid. Meie eesm\u00c3\u00a4rk ei ole Sulle iga hinna eest midagi maha m\u00c3\u00bc\u00c3\u00bca, vaid pakkuda just sulle vajalikku ja sobivat varustuse elementi. Meie reisid on koostatud p\u00c3\u00b5him\u00c3\u00b5ttel, tahan ise nende kohtadega tutvuda, \u00c3\u00a4kki tahavad teised ka. Suurt r\u00c3\u00b5hku p\u00c3\u00b6\u00c3\u00b6rame reisidel ka muule kui sukeldumine, et reis kujuneks Sinu ja su pere koosveedetavaks puhkuseks. Tule avasta veealust elu koos meie toreda kollektiiviga ning Sinu mitmek\u00c3\u00bclgne, p\u00c3\u00b5nev, l\u00c3\u00b5bus ja unustamatu sukeldumisk\u00c3\u00a4rjaar v\u00c3\u00b5ib alata.\",\"publisher\":{\"@id\":\"https:\/\/www.maremark.ee\/epood\/#organization\"},\"potentialAction\":[{\"@type\":\"SearchAction\",\"target\":{\"@type\":\"EntryPoint\",\"urlTemplate\":\"https:\/\/www.maremark.ee\/epood\/?s={search_term_string}\"},\"query-input\":{\"@type\":\"PropertyValueSpecification\",\"valueRequired\":true,\"valueName\":\"search_term_string\"}}],\"inLanguage\":\"et\"},{\"@type\":\"Organization\",\"@id\":\"https:\/\/www.maremark.ee\/epood\/#organization\",\"name\":\"Sukeldumiskeskus Maremark\",\"url\":\"https:\/\/www.maremark.ee\/epood\/\",\"logo\":{\"@type\":\"ImageObject\",\"inLanguage\":\"et\",\"@id\":\"https:\/\/www.maremark.ee\/epood\/#\/schema\/logo\/image\/\",\"url\":\"https:\/\/www.maremark.ee\/epood\/wp-content\/uploads\/2024\/01\/Maremark-logo.png\",\"contentUrl\":\"https:\/\/www.maremark.ee\/epood\/wp-content\/uploads\/2024\/01\/Maremark-logo.png\",\"width\":230,\"height\":50,\"caption\":\"Sukeldumiskeskus Maremark\"},\"image\":{\"@id\":\"https:\/\/www.maremark.ee\/epood\/#\/schema\/logo\/image\/\"}}]}<\/script>\n<!-- \/ Yoast SEO plugin. -->","yoast_head_json":{"title":"Aqualung Legend Elite I ja II aste - Sukeldumiskeskus Maremark","robots":{"index":"index","follow":"follow","max-snippet":"max-snippet:-1","max-image-preview":"max-image-preview:large","max-video-preview":"max-video-preview:-1"},"canonical":"https:\/\/www.maremark.ee\/epood\/toode\/aqualung-legend-elite-i-ja-ii-aste\/","og_locale":"et_EE","og_type":"article","og_title":"Aqualung Legend Elite I ja II aste - Sukeldumiskeskus Maremark","og_description":"LEGEND ELITE pakub sukeldujatele enneolematuid v\u00c3\u00b5imalusi, pakkudes t\u00c3\u00a4iuslikku t\u00c3\u00a4psust ja t\u00c3\u00a4iustatud ergonoomikat teie k\u00c3\u00a4eulatuses. Edasij\u00c3\u00b5udnud sukeldujad hindavad s\u00c3\u00b5ltumatuid mikroregulatsioone, et t\u00c3\u00a4psustada oma individuaalseid hingamiseelistusi.","og_url":"https:\/\/www.maremark.ee\/epood\/toode\/aqualung-legend-elite-i-ja-ii-aste\/","og_site_name":"Sukeldumiskeskus Maremark","article_modified_time":"2024-01-05T15:54:02+00:00","og_image":[{"width":465,"height":465,"url":"https:\/\/www.maremark.ee\/epood\/wp-content\/uploads\/2024\/01\/Legend-Elite-DIN.png","type":"image\/png"}],"twitter_card":"summary_large_image","twitter_misc":{"Est. reading time":"2 minutit"},"schema":{"@context":"https:\/\/schema.org","@graph":[{"@type":"WebPage","@id":"https:\/\/www.maremark.ee\/epood\/toode\/aqualung-legend-elite-i-ja-ii-aste\/","url":"https:\/\/www.maremark.ee\/epood\/toode\/aqualung-legend-elite-i-ja-ii-aste\/","name":"Aqualung Legend Elite I ja II aste - Sukeldumiskeskus Maremark","isPartOf":{"@id":"https:\/\/www.maremark.ee\/epood\/#website"},"primaryImageOfPage":{"@id":"https:\/\/www.maremark.ee\/epood\/toode\/aqualung-legend-elite-i-ja-ii-aste\/#primaryimage"},"image":{"@id":"https:\/\/www.maremark.ee\/epood\/toode\/aqualung-legend-elite-i-ja-ii-aste\/#primaryimage"},"thumbnailUrl":"https:\/\/www.maremark.ee\/epood\/wp-content\/uploads\/2024\/01\/Legend-Elite-DIN.png","datePublished":"2024-01-05T15:43:17+00:00","dateModified":"2024-01-05T15:54:02+00:00","breadcrumb":{"@id":"https:\/\/www.maremark.ee\/epood\/toode\/aqualung-legend-elite-i-ja-ii-aste\/#breadcrumb"},"inLanguage":"et","potentialAction":[{"@type":"ReadAction","target":["https:\/\/www.maremark.ee\/epood\/toode\/aqualung-legend-elite-i-ja-ii-aste\/"]}]},{"@type":"ImageObject","inLanguage":"et","@id":"https:\/\/www.maremark.ee\/epood\/toode\/aqualung-legend-elite-i-ja-ii-aste\/#primaryimage","url":"https:\/\/www.maremark.ee\/epood\/wp-content\/uploads\/2024\/01\/Legend-Elite-DIN.png","contentUrl":"https:\/\/www.maremark.ee\/epood\/wp-content\/uploads\/2024\/01\/Legend-Elite-DIN.png","width":465,"height":465},{"@type":"BreadcrumbList","@id":"https:\/\/www.maremark.ee\/epood\/toode\/aqualung-legend-elite-i-ja-ii-aste\/#breadcrumb","itemListElement":[{"@type":"ListItem","position":1,"name":"Home","item":"https:\/\/www.maremark.ee\/epood\/"},{"@type":"ListItem","position":2,"name":"Pood","item":"https:\/\/www.maremark.ee\/epood\/"},{"@type":"ListItem","position":3,"name":"Aqualung Legend Elite I ja II aste"}]},{"@type":"WebSite","@id":"https:\/\/www.maremark.ee\/epood\/#website","url":"https:\/\/www.maremark.ee\/epood\/","name":"Sukeldumiskeskus Maremark","description":"Kui Sa oled j\u00c3\u00b5udnud meie klubi lehele siis oled ilmselt avastanud endas huvi  imelise veealuse maailma vastu.  Sa oled \u00c3\u00b5iges kohas!\t Maremark  Sukeldumisklubi on tegutsenud aastast 1999. Pika tegutsemisaja jooksul on meie instruktorid \u00c3\u00b5petanud sukeldumist v\u00c3\u00a4ga paljudele, paljudest nendest on n\u00c3\u00bc\u00c3\u00bcdseks saanud meie instruktorite abilised DM-id ja instruktorid. Meie instruktorid pakuvad  NDL, Padi,  IANTD  ja TDI organisatsioonide koolitusi alates alg\u00c3\u00b5ppest kuni profisukeldujani.   Sukeldumisklubi Maremark on keskendunud sukeldumiskursuste, -reiside ja -varustuse m\u00c3\u00bc\u00c3\u00bcgile. Meie  kauplused asuvad Tallinnas kui Tartus, kust saad endale vajaliku varustuse v\u00c3\u00a4lja valida ja katsetada, kas valik oli ikka \u00c3\u00b5ige. Lisaks aitavad Sind valiku tegemisel meie instruktorid. Meie eesm\u00c3\u00a4rk ei ole Sulle iga hinna eest midagi maha m\u00c3\u00bc\u00c3\u00bca, vaid pakkuda just sulle vajalikku ja sobivat varustuse elementi. Meie reisid on koostatud p\u00c3\u00b5him\u00c3\u00b5ttel, tahan ise nende kohtadega tutvuda, \u00c3\u00a4kki tahavad teised ka. Suurt r\u00c3\u00b5hku p\u00c3\u00b6\u00c3\u00b6rame reisidel ka muule kui sukeldumine, et reis kujuneks Sinu ja su pere koosveedetavaks puhkuseks. Tule avasta veealust elu koos meie toreda kollektiiviga ning Sinu mitmek\u00c3\u00bclgne, p\u00c3\u00b5nev, l\u00c3\u00b5bus ja unustamatu sukeldumisk\u00c3\u00a4rjaar v\u00c3\u00b5ib alata.","publisher":{"@id":"https:\/\/www.maremark.ee\/epood\/#organization"},"potentialAction":[{"@type":"SearchAction","target":{"@type":"EntryPoint","urlTemplate":"https:\/\/www.maremark.ee\/epood\/?s={search_term_string}"},"query-input":{"@type":"PropertyValueSpecification","valueRequired":true,"valueName":"search_term_string"}}],"inLanguage":"et"},{"@type":"Organization","@id":"https:\/\/www.maremark.ee\/epood\/#organization","name":"Sukeldumiskeskus Maremark","url":"https:\/\/www.maremark.ee\/epood\/","logo":{"@type":"ImageObject","inLanguage":"et","@id":"https:\/\/www.maremark.ee\/epood\/#\/schema\/logo\/image\/","url":"https:\/\/www.maremark.ee\/epood\/wp-content\/uploads\/2024\/01\/Maremark-logo.png","contentUrl":"https:\/\/www.maremark.ee\/epood\/wp-content\/uploads\/2024\/01\/Maremark-logo.png","width":230,"height":50,"caption":"Sukeldumiskeskus Maremark"},"image":{"@id":"https:\/\/www.maremark.ee\/epood\/#\/schema\/logo\/image\/"}}]}},"_links":{"self":[{"href":"https:\/\/www.maremark.ee\/epood\/wp-json\/wp\/v2\/product\/5808","targetHints":{"allow":["GET"]}}],"collection":[{"href":"https:\/\/www.maremark.ee\/epood\/wp-json\/wp\/v2\/product"}],"about":[{"href":"https:\/\/www.maremark.ee\/epood\/wp-json\/wp\/v2\/types\/product"}],"replies":[{"embeddable":true,"href":"https:\/\/www.maremark.ee\/epood\/wp-json\/wp\/v2\/comments?post=5808"}],"wp:featuredmedia":[{"embeddable":true,"href":"https:\/\/www.maremark.ee\/epood\/wp-json\/wp\/v2\/media\/5813"}],"wp:attachment":[{"href":"https:\/\/www.maremark.ee\/epood\/wp-json\/wp\/v2\/media?parent=5808"}],"wp:term":[{"taxonomy":"product_brand","embeddable":true,"href":"https:\/\/www.maremark.ee\/epood\/wp-json\/wp\/v2\/product_brand?post=5808"},{"taxonomy":"product_cat","embeddable":true,"href":"https:\/\/www.maremark.ee\/epood\/wp-json\/wp\/v2\/product_cat?post=5808"},{"taxonomy":"product_tag","embeddable":true,"href":"https:\/\/www.maremark.ee\/epood\/wp-json\/wp\/v2\/product_tag?post=5808"}],"curies":[{"name":"wp","href":"https:\/\/api.w.org\/{rel}","templated":true}]}}