{"id":5920,"date":"2024-03-18T13:44:28","date_gmt":"2024-03-18T11:44:28","guid":{"rendered":"https:\/\/www.maremark.ee\/epood\/?post_type=product&#038;p=5920"},"modified":"2024-03-18T14:13:42","modified_gmt":"2024-03-18T12:13:42","slug":"margulikond-beuchat-aquatrek-5-4-3mm-mono","status":"publish","type":"product","link":"https:\/\/www.maremark.ee\/epood\/toode\/margulikond-beuchat-aquatrek-5-4-3mm-mono\/","title":{"rendered":"M\u00e4rg\u00fclikond Beuchat Aquatrek Mono"},"content":{"rendered":"<p>\u00dclikond sobib kanjonis matkamiseks, paadis\u00f5iduks, surfamiseks ja populaarsete veehobide jaoks<\/p>\n<p><strong>Eksklusiivne Beuchati disain<\/strong><br \/>\n\u00dclikond on disainitud konkreetse Beuchat mustri j\u00e4rgi, mis on v\u00e4lja t\u00f6\u00f6tatud Prantsusmaal meie disainib\u00fcroos Marseille&#8217;s.<\/p>\n<p><strong>Topelt lukuga ees ja taga<\/strong><br \/>\nBeuchat Aquatrekil on nii ees kui taga lukud, samuti pahkluude ja randmete t\u00f5mblukud, et riietumine ja lahtiriietumine oleks \u00fclilihtne.<\/p>\n<p>Lisaks aitab eesmine t\u00f5mblukk sukeldujal reguleerida temperatuuri.<\/p>\n<p><strong>3 mm v\u00f5i 5\/4\/3 mm paksune neopreen<\/strong><\/p>\n<p>Nii 3 mm kui ka 5\/4\/3 mm versioonis tagab Aquatreki \u00fclikond kasutajale veealuse soojuse ja mugavuse.<\/p>\n<p>5\/4\/3 mm versioonis on neopreen k\u00e4tel ja jalgadel \u00f5hem ja elastsem, et v\u00f5imaldada veek\u00f5nni ajal suuremat paindlikkust.<\/p>\n<p>Neopreen detailid on kokkupandud bonded\/stitched tehnoloogiaga, et tagada parem termiline kaitse ja v\u00e4ltida vee sissep\u00e4\u00e4su.<\/p>\n<p><strong>Taskud<\/strong><br \/>\nVasakul \u00f5lal on tasku turvavilega. Vilet saab kasutada teiste hoiatamiseks raskuste v\u00f5i h\u00e4dade korral.<\/p>\n<p>Rinna k\u00f5rgusel on ka sisetasku, mis hoiab teie v\u00f5tmed turvaliselt ja muretult veesk\u00e4imise jaoks.<\/p>\n<p><strong>Supratex tugevdused<\/strong><br \/>\nP\u00f5lved on tugevdatud eriti elastse Supratexiga. See muudab r\u00f5iva kauakestvaks, ilma et see piiraks kasutaja liikumisvabadust.<\/p>\n<p>&nbsp;<\/p>\n<p><strong>Tehnilised omadused<\/strong><br \/>\n&#8211; Disainitud ja v\u00e4lja t\u00f6\u00f6tatud Prantsusmaal Beuchati disainib\u00fcroos Marseille&#8217;s<\/p>\n<p>&#8211; Ees t\u00f5mblukk riietumise lihtsustamiseks ja temperatuuri reguleerimiseks<\/p>\n<p>&#8211; Selja t\u00f5mblukk muudab riietamise \u00fclilihtsaks<\/p>\n<p>&#8211; Pahkluu ja randme lukud veelgi lihtsamaks riietumiseks ja lahtiriietumiseks<\/p>\n<p>&#8211; Eriti elastne painduv neopreen suurema mugavuse tagamiseks<\/p>\n<p>&#8211; Liimitud\/\u00f5mmeldud koost tagab parema termilise kaitse ja piirab vee sissep\u00e4\u00e4su<\/p>\n<p>&#8211; Vasakul \u00f5lal on turvavilega tasku<\/p>\n<p>&#8211; Sisemine v\u00f5tmetasku<\/p>\n<p>&#8211; Eriti elastsed Supratexi p\u00f5lvetugevdused<\/p>\n<p>&#8211; Saadaval suurused: XS, S, M, L, XL, XXL<\/p>\n","protected":false},"excerpt":{"rendered":"<p>Beuchat Aquatrekil on nii ees kui taga lukud, samuti pahkluude ja randmete t\u00f5mblukud, et riietumine ja lahtiriietumine oleks \u00fclilihtne.<\/p>\n<p>Sobib kanjonis matkamiseks, paadis\u00f5iduks, surfamiseks ja populaarsete veehobide jaoks<\/p>\n","protected":false},"featured_media":5934,"comment_status":"closed","ping_status":"closed","template":"","meta":{"_monsterinsights_skip_tracking":false,"_monsterinsights_sitenote_active":false,"_monsterinsights_sitenote_note":"","_monsterinsights_sitenote_category":0,"_uf_show_specific_survey":0,"_uf_disable_surveys":false},"product_brand":[],"product_cat":[118,117],"product_tag":[],"class_list":{"0":"post-5920","1":"product","2":"type-product","3":"status-publish","4":"has-post-thumbnail","6":"product_cat-beuchat","7":"product_cat-margulikond","9":"first","10":"instock","11":"sale","12":"taxable","13":"shipping-taxable","14":"purchasable","15":"product-type-variable"},"yoast_head":"<!-- This site is optimized with the Yoast SEO plugin v24.3 - https:\/\/yoast.com\/wordpress\/plugins\/seo\/ -->\n<title>M\u00e4rg\u00fclikond Beuchat Aquatrek Mono - Sukeldumiskeskus Maremark<\/title>\n<meta name=\"robots\" content=\"index, follow, max-snippet:-1, max-image-preview:large, max-video-preview:-1\" \/>\n<link rel=\"canonical\" href=\"https:\/\/www.maremark.ee\/epood\/toode\/margulikond-beuchat-aquatrek-5-4-3mm-mono\/\" \/>\n<meta property=\"og:locale\" content=\"et_EE\" \/>\n<meta property=\"og:type\" content=\"article\" \/>\n<meta property=\"og:title\" content=\"M\u00e4rg\u00fclikond Beuchat Aquatrek Mono - Sukeldumiskeskus Maremark\" \/>\n<meta property=\"og:description\" content=\"Beuchat Aquatrekil on nii ees kui taga lukud, samuti pahkluude ja randmete t\u00f5mblukud, et riietumine ja lahtiriietumine oleks \u00fclilihtne.  Sobib kanjonis matkamiseks, paadis\u00f5iduks, surfamiseks ja populaarsete veehobide jaoks\" \/>\n<meta property=\"og:url\" content=\"https:\/\/www.maremark.ee\/epood\/toode\/margulikond-beuchat-aquatrek-5-4-3mm-mono\/\" \/>\n<meta property=\"og:site_name\" content=\"Sukeldumiskeskus Maremark\" \/>\n<meta property=\"article:modified_time\" content=\"2024-03-18T12:13:42+00:00\" \/>\n<meta property=\"og:image\" content=\"https:\/\/www.maremark.ee\/epood\/wp-content\/uploads\/2024\/03\/Aquatrek-scaled-e1710762101800.jpg\" \/>\n\t<meta property=\"og:image:width\" content=\"1000\" \/>\n\t<meta property=\"og:image:height\" content=\"1000\" \/>\n\t<meta property=\"og:image:type\" content=\"image\/jpeg\" \/>\n<meta name=\"twitter:card\" content=\"summary_large_image\" \/>\n<meta name=\"twitter:label1\" content=\"Est. reading time\" \/>\n\t<meta name=\"twitter:data1\" content=\"2 minutit\" \/>\n<script type=\"application\/ld+json\" class=\"yoast-schema-graph\">{\"@context\":\"https:\/\/schema.org\",\"@graph\":[{\"@type\":\"WebPage\",\"@id\":\"https:\/\/www.maremark.ee\/epood\/toode\/margulikond-beuchat-aquatrek-5-4-3mm-mono\/\",\"url\":\"https:\/\/www.maremark.ee\/epood\/toode\/margulikond-beuchat-aquatrek-5-4-3mm-mono\/\",\"name\":\"M\u00e4rg\u00fclikond Beuchat Aquatrek Mono - Sukeldumiskeskus Maremark\",\"isPartOf\":{\"@id\":\"https:\/\/www.maremark.ee\/epood\/#website\"},\"primaryImageOfPage\":{\"@id\":\"https:\/\/www.maremark.ee\/epood\/toode\/margulikond-beuchat-aquatrek-5-4-3mm-mono\/#primaryimage\"},\"image\":{\"@id\":\"https:\/\/www.maremark.ee\/epood\/toode\/margulikond-beuchat-aquatrek-5-4-3mm-mono\/#primaryimage\"},\"thumbnailUrl\":\"https:\/\/www.maremark.ee\/epood\/wp-content\/uploads\/2024\/03\/Aquatrek-scaled-e1710762101800.jpg\",\"datePublished\":\"2024-03-18T11:44:28+00:00\",\"dateModified\":\"2024-03-18T12:13:42+00:00\",\"breadcrumb\":{\"@id\":\"https:\/\/www.maremark.ee\/epood\/toode\/margulikond-beuchat-aquatrek-5-4-3mm-mono\/#breadcrumb\"},\"inLanguage\":\"et\",\"potentialAction\":[{\"@type\":\"ReadAction\",\"target\":[\"https:\/\/www.maremark.ee\/epood\/toode\/margulikond-beuchat-aquatrek-5-4-3mm-mono\/\"]}]},{\"@type\":\"ImageObject\",\"inLanguage\":\"et\",\"@id\":\"https:\/\/www.maremark.ee\/epood\/toode\/margulikond-beuchat-aquatrek-5-4-3mm-mono\/#primaryimage\",\"url\":\"https:\/\/www.maremark.ee\/epood\/wp-content\/uploads\/2024\/03\/Aquatrek-scaled-e1710762101800.jpg\",\"contentUrl\":\"https:\/\/www.maremark.ee\/epood\/wp-content\/uploads\/2024\/03\/Aquatrek-scaled-e1710762101800.jpg\",\"width\":1000,\"height\":1000},{\"@type\":\"BreadcrumbList\",\"@id\":\"https:\/\/www.maremark.ee\/epood\/toode\/margulikond-beuchat-aquatrek-5-4-3mm-mono\/#breadcrumb\",\"itemListElement\":[{\"@type\":\"ListItem\",\"position\":1,\"name\":\"Home\",\"item\":\"https:\/\/www.maremark.ee\/epood\/\"},{\"@type\":\"ListItem\",\"position\":2,\"name\":\"Pood\",\"item\":\"https:\/\/www.maremark.ee\/epood\/\"},{\"@type\":\"ListItem\",\"position\":3,\"name\":\"M\u00e4rg\u00fclikond Beuchat Aquatrek Mono\"}]},{\"@type\":\"WebSite\",\"@id\":\"https:\/\/www.maremark.ee\/epood\/#website\",\"url\":\"https:\/\/www.maremark.ee\/epood\/\",\"name\":\"Sukeldumiskeskus Maremark\",\"description\":\"Kui Sa oled j\u00c3\u00b5udnud meie klubi lehele siis oled ilmselt avastanud endas huvi  imelise veealuse maailma vastu.  Sa oled \u00c3\u00b5iges kohas!\\t Maremark  Sukeldumisklubi on tegutsenud aastast 1999. Pika tegutsemisaja jooksul on meie instruktorid \u00c3\u00b5petanud sukeldumist v\u00c3\u00a4ga paljudele, paljudest nendest on n\u00c3\u00bc\u00c3\u00bcdseks saanud meie instruktorite abilised DM-id ja instruktorid. Meie instruktorid pakuvad  NDL, Padi,  IANTD  ja TDI organisatsioonide koolitusi alates alg\u00c3\u00b5ppest kuni profisukeldujani.   Sukeldumisklubi Maremark on keskendunud sukeldumiskursuste, -reiside ja -varustuse m\u00c3\u00bc\u00c3\u00bcgile. Meie  kauplused asuvad Tallinnas kui Tartus, kust saad endale vajaliku varustuse v\u00c3\u00a4lja valida ja katsetada, kas valik oli ikka \u00c3\u00b5ige. Lisaks aitavad Sind valiku tegemisel meie instruktorid. Meie eesm\u00c3\u00a4rk ei ole Sulle iga hinna eest midagi maha m\u00c3\u00bc\u00c3\u00bca, vaid pakkuda just sulle vajalikku ja sobivat varustuse elementi. Meie reisid on koostatud p\u00c3\u00b5him\u00c3\u00b5ttel, tahan ise nende kohtadega tutvuda, \u00c3\u00a4kki tahavad teised ka. Suurt r\u00c3\u00b5hku p\u00c3\u00b6\u00c3\u00b6rame reisidel ka muule kui sukeldumine, et reis kujuneks Sinu ja su pere koosveedetavaks puhkuseks. Tule avasta veealust elu koos meie toreda kollektiiviga ning Sinu mitmek\u00c3\u00bclgne, p\u00c3\u00b5nev, l\u00c3\u00b5bus ja unustamatu sukeldumisk\u00c3\u00a4rjaar v\u00c3\u00b5ib alata.\",\"publisher\":{\"@id\":\"https:\/\/www.maremark.ee\/epood\/#organization\"},\"potentialAction\":[{\"@type\":\"SearchAction\",\"target\":{\"@type\":\"EntryPoint\",\"urlTemplate\":\"https:\/\/www.maremark.ee\/epood\/?s={search_term_string}\"},\"query-input\":{\"@type\":\"PropertyValueSpecification\",\"valueRequired\":true,\"valueName\":\"search_term_string\"}}],\"inLanguage\":\"et\"},{\"@type\":\"Organization\",\"@id\":\"https:\/\/www.maremark.ee\/epood\/#organization\",\"name\":\"Sukeldumiskeskus Maremark\",\"url\":\"https:\/\/www.maremark.ee\/epood\/\",\"logo\":{\"@type\":\"ImageObject\",\"inLanguage\":\"et\",\"@id\":\"https:\/\/www.maremark.ee\/epood\/#\/schema\/logo\/image\/\",\"url\":\"https:\/\/www.maremark.ee\/epood\/wp-content\/uploads\/2024\/01\/Maremark-logo.png\",\"contentUrl\":\"https:\/\/www.maremark.ee\/epood\/wp-content\/uploads\/2024\/01\/Maremark-logo.png\",\"width\":230,\"height\":50,\"caption\":\"Sukeldumiskeskus Maremark\"},\"image\":{\"@id\":\"https:\/\/www.maremark.ee\/epood\/#\/schema\/logo\/image\/\"}}]}<\/script>\n<!-- \/ Yoast SEO plugin. -->","yoast_head_json":{"title":"M\u00e4rg\u00fclikond Beuchat Aquatrek Mono - Sukeldumiskeskus Maremark","robots":{"index":"index","follow":"follow","max-snippet":"max-snippet:-1","max-image-preview":"max-image-preview:large","max-video-preview":"max-video-preview:-1"},"canonical":"https:\/\/www.maremark.ee\/epood\/toode\/margulikond-beuchat-aquatrek-5-4-3mm-mono\/","og_locale":"et_EE","og_type":"article","og_title":"M\u00e4rg\u00fclikond Beuchat Aquatrek Mono - Sukeldumiskeskus Maremark","og_description":"Beuchat Aquatrekil on nii ees kui taga lukud, samuti pahkluude ja randmete t\u00f5mblukud, et riietumine ja lahtiriietumine oleks \u00fclilihtne.  Sobib kanjonis matkamiseks, paadis\u00f5iduks, surfamiseks ja populaarsete veehobide jaoks","og_url":"https:\/\/www.maremark.ee\/epood\/toode\/margulikond-beuchat-aquatrek-5-4-3mm-mono\/","og_site_name":"Sukeldumiskeskus Maremark","article_modified_time":"2024-03-18T12:13:42+00:00","og_image":[{"width":1000,"height":1000,"url":"https:\/\/www.maremark.ee\/epood\/wp-content\/uploads\/2024\/03\/Aquatrek-scaled-e1710762101800.jpg","type":"image\/jpeg"}],"twitter_card":"summary_large_image","twitter_misc":{"Est. reading time":"2 minutit"},"schema":{"@context":"https:\/\/schema.org","@graph":[{"@type":"WebPage","@id":"https:\/\/www.maremark.ee\/epood\/toode\/margulikond-beuchat-aquatrek-5-4-3mm-mono\/","url":"https:\/\/www.maremark.ee\/epood\/toode\/margulikond-beuchat-aquatrek-5-4-3mm-mono\/","name":"M\u00e4rg\u00fclikond Beuchat Aquatrek Mono - Sukeldumiskeskus Maremark","isPartOf":{"@id":"https:\/\/www.maremark.ee\/epood\/#website"},"primaryImageOfPage":{"@id":"https:\/\/www.maremark.ee\/epood\/toode\/margulikond-beuchat-aquatrek-5-4-3mm-mono\/#primaryimage"},"image":{"@id":"https:\/\/www.maremark.ee\/epood\/toode\/margulikond-beuchat-aquatrek-5-4-3mm-mono\/#primaryimage"},"thumbnailUrl":"https:\/\/www.maremark.ee\/epood\/wp-content\/uploads\/2024\/03\/Aquatrek-scaled-e1710762101800.jpg","datePublished":"2024-03-18T11:44:28+00:00","dateModified":"2024-03-18T12:13:42+00:00","breadcrumb":{"@id":"https:\/\/www.maremark.ee\/epood\/toode\/margulikond-beuchat-aquatrek-5-4-3mm-mono\/#breadcrumb"},"inLanguage":"et","potentialAction":[{"@type":"ReadAction","target":["https:\/\/www.maremark.ee\/epood\/toode\/margulikond-beuchat-aquatrek-5-4-3mm-mono\/"]}]},{"@type":"ImageObject","inLanguage":"et","@id":"https:\/\/www.maremark.ee\/epood\/toode\/margulikond-beuchat-aquatrek-5-4-3mm-mono\/#primaryimage","url":"https:\/\/www.maremark.ee\/epood\/wp-content\/uploads\/2024\/03\/Aquatrek-scaled-e1710762101800.jpg","contentUrl":"https:\/\/www.maremark.ee\/epood\/wp-content\/uploads\/2024\/03\/Aquatrek-scaled-e1710762101800.jpg","width":1000,"height":1000},{"@type":"BreadcrumbList","@id":"https:\/\/www.maremark.ee\/epood\/toode\/margulikond-beuchat-aquatrek-5-4-3mm-mono\/#breadcrumb","itemListElement":[{"@type":"ListItem","position":1,"name":"Home","item":"https:\/\/www.maremark.ee\/epood\/"},{"@type":"ListItem","position":2,"name":"Pood","item":"https:\/\/www.maremark.ee\/epood\/"},{"@type":"ListItem","position":3,"name":"M\u00e4rg\u00fclikond Beuchat Aquatrek Mono"}]},{"@type":"WebSite","@id":"https:\/\/www.maremark.ee\/epood\/#website","url":"https:\/\/www.maremark.ee\/epood\/","name":"Sukeldumiskeskus Maremark","description":"Kui Sa oled j\u00c3\u00b5udnud meie klubi lehele siis oled ilmselt avastanud endas huvi  imelise veealuse maailma vastu.  Sa oled \u00c3\u00b5iges kohas!\t Maremark  Sukeldumisklubi on tegutsenud aastast 1999. Pika tegutsemisaja jooksul on meie instruktorid \u00c3\u00b5petanud sukeldumist v\u00c3\u00a4ga paljudele, paljudest nendest on n\u00c3\u00bc\u00c3\u00bcdseks saanud meie instruktorite abilised DM-id ja instruktorid. Meie instruktorid pakuvad  NDL, Padi,  IANTD  ja TDI organisatsioonide koolitusi alates alg\u00c3\u00b5ppest kuni profisukeldujani.   Sukeldumisklubi Maremark on keskendunud sukeldumiskursuste, -reiside ja -varustuse m\u00c3\u00bc\u00c3\u00bcgile. Meie  kauplused asuvad Tallinnas kui Tartus, kust saad endale vajaliku varustuse v\u00c3\u00a4lja valida ja katsetada, kas valik oli ikka \u00c3\u00b5ige. Lisaks aitavad Sind valiku tegemisel meie instruktorid. Meie eesm\u00c3\u00a4rk ei ole Sulle iga hinna eest midagi maha m\u00c3\u00bc\u00c3\u00bca, vaid pakkuda just sulle vajalikku ja sobivat varustuse elementi. Meie reisid on koostatud p\u00c3\u00b5him\u00c3\u00b5ttel, tahan ise nende kohtadega tutvuda, \u00c3\u00a4kki tahavad teised ka. Suurt r\u00c3\u00b5hku p\u00c3\u00b6\u00c3\u00b6rame reisidel ka muule kui sukeldumine, et reis kujuneks Sinu ja su pere koosveedetavaks puhkuseks. Tule avasta veealust elu koos meie toreda kollektiiviga ning Sinu mitmek\u00c3\u00bclgne, p\u00c3\u00b5nev, l\u00c3\u00b5bus ja unustamatu sukeldumisk\u00c3\u00a4rjaar v\u00c3\u00b5ib alata.","publisher":{"@id":"https:\/\/www.maremark.ee\/epood\/#organization"},"potentialAction":[{"@type":"SearchAction","target":{"@type":"EntryPoint","urlTemplate":"https:\/\/www.maremark.ee\/epood\/?s={search_term_string}"},"query-input":{"@type":"PropertyValueSpecification","valueRequired":true,"valueName":"search_term_string"}}],"inLanguage":"et"},{"@type":"Organization","@id":"https:\/\/www.maremark.ee\/epood\/#organization","name":"Sukeldumiskeskus Maremark","url":"https:\/\/www.maremark.ee\/epood\/","logo":{"@type":"ImageObject","inLanguage":"et","@id":"https:\/\/www.maremark.ee\/epood\/#\/schema\/logo\/image\/","url":"https:\/\/www.maremark.ee\/epood\/wp-content\/uploads\/2024\/01\/Maremark-logo.png","contentUrl":"https:\/\/www.maremark.ee\/epood\/wp-content\/uploads\/2024\/01\/Maremark-logo.png","width":230,"height":50,"caption":"Sukeldumiskeskus Maremark"},"image":{"@id":"https:\/\/www.maremark.ee\/epood\/#\/schema\/logo\/image\/"}}]}},"_links":{"self":[{"href":"https:\/\/www.maremark.ee\/epood\/wp-json\/wp\/v2\/product\/5920","targetHints":{"allow":["GET"]}}],"collection":[{"href":"https:\/\/www.maremark.ee\/epood\/wp-json\/wp\/v2\/product"}],"about":[{"href":"https:\/\/www.maremark.ee\/epood\/wp-json\/wp\/v2\/types\/product"}],"replies":[{"embeddable":true,"href":"https:\/\/www.maremark.ee\/epood\/wp-json\/wp\/v2\/comments?post=5920"}],"wp:featuredmedia":[{"embeddable":true,"href":"https:\/\/www.maremark.ee\/epood\/wp-json\/wp\/v2\/media\/5934"}],"wp:attachment":[{"href":"https:\/\/www.maremark.ee\/epood\/wp-json\/wp\/v2\/media?parent=5920"}],"wp:term":[{"taxonomy":"product_brand","embeddable":true,"href":"https:\/\/www.maremark.ee\/epood\/wp-json\/wp\/v2\/product_brand?post=5920"},{"taxonomy":"product_cat","embeddable":true,"href":"https:\/\/www.maremark.ee\/epood\/wp-json\/wp\/v2\/product_cat?post=5920"},{"taxonomy":"product_tag","embeddable":true,"href":"https:\/\/www.maremark.ee\/epood\/wp-json\/wp\/v2\/product_tag?post=5920"}],"curies":[{"name":"wp","href":"https:\/\/api.w.org\/{rel}","templated":true}]}}